{"id":6,"date":"2008-02-04T12:17:21","date_gmt":"2008-02-04T20:17:21","guid":{"rendered":"http:\/\/www.wbsv.org\/blog_new\/?page_id=6"},"modified":"2019-11-18T20:59:10","modified_gmt":"2019-11-18T20:59:10","slug":"about","status":"publish","type":"page","link":"http:\/\/www.wbsv.org\/blog_new\/?page_id=6","title":{"rendered":"Impressum"},"content":{"rendered":"<p><strong>HERAUSGEBER UND MEDIENINHABER<\/strong><br \/>\nWiener Softball Baseball Verband<br \/>\nASK\u00d6 Sportzentrum Spenadlwiese<br \/>\nA-1020 Wien<br \/>\nEmail: office@wbsv.org<br \/>\nZVR-Zahl: 914023889<\/p>\n<p><strong>COPYRIGHT UND URHEBERRECHT<\/strong><br \/>\nDer Inhalt dieser Website ist durch das Urheberrecht gesch\u00fctzt.<br \/>\nDie Verwendung, Speicherung, Vervielf\u00e4ltigung und Weitergabe von Inhalten dieser Website kann nur mit dem Einverst\u00e4ndnis der Eigent\u00fcmern erfolgen.<\/p>\n<p>Nennung von gesch\u00fctzten Bezeichnungen, Warenzeichen, Marken, Firmennamen etc.<\/p>\n<p>Alle in dieser Website genannten Bezeichnungen k\u00f6nnen gesch\u00fctzt sein. Die Nennung dieser Bezeichnungen ohne den Hinweis auf ein (eingetragenes und\/oder gesch\u00fctztes) Waren-, Markenzeichen o. \u00e4. ist nicht als Verletzung der Schutzrechte dieser Bezeichnungen und nicht als Sch\u00e4digung der Firmen, die diese Rechte besitzen, anzusehen.<\/p>\n<p>Preisauszeichnung<\/p>\n<p>Alle angegebenen Preise sind Bruttopreise, verstehen sich also inklusive aller Steuern und Abgaben. Die W\u00e4hrungseinheit ist Euro. Sollten Versand- und Lieferkosten anfallen, sind diese extra angef\u00fchrt.<\/p>\n<p>Haftung f\u00fcr Links<\/p>\n<p>Die Links werden regelm\u00e4\u00dfig \u00fcberpr\u00fcft, wir sind Ihnen aber dankbar, wenn Sie einen defekten Link oder einen, welche auf ein illegales Angebot f\u00fchrt, melden. Diese Links werden dann sofort adaptiert oder gel\u00f6scht. Links zu anderen Websites werden ausschlie\u00dflich zur Erleichterung Ihrer Online-T\u00e4tigkeit bereitgestellt. Wenn Sie diese Links nutzen, verlassen Sie diese Website. Die Austrian Baseball Federation hat keine Kontrolle und Verantwortung f\u00fcr diese Websites oder ihre Inhalte oder Datenschutzrichtlinien. Deshalb geben wir keinerlei Best\u00e4tigungen oder Erkl\u00e4rungen zu diesen Websites oder jeglichen dort auffindbaren Informationen, Softwareprogrammen oder anderen Produkten oder Materialien oder durch deren Nutzung erzielbare Ergebnisse ab. Wenn Sie Websites besuchen, auf die ein Link f\u00fchrt, liegt dies in Ihrer eigenen Verantwortung.<\/p>\n","protected":false},"excerpt":{"rendered":"<p>HERAUSGEBER UND MEDIENINHABER Wiener Softball Baseball Verband ASK\u00d6 Sportzentrum Spenadlwiese A-1020 Wien Email: office@wbsv.org ZVR-Zahl: [&hellip;]<\/p>\n","protected":false},"author":1,"featured_media":0,"parent":0,"menu_order":0,"comment_status":"open","ping_status":"open","template":"","meta":{"footnotes":""},"class_list":["post-6","page","type-page","status-publish","hentry"],"_links":{"self":[{"href":"http:\/\/www.wbsv.org\/blog_new\/index.php?rest_route=\/wp\/v2\/pages\/6","targetHints":{"allow":["GET"]}}],"collection":[{"href":"http:\/\/www.wbsv.org\/blog_new\/index.php?rest_route=\/wp\/v2\/pages"}],"about":[{"href":"http:\/\/www.wbsv.org\/blog_new\/index.php?rest_route=\/wp\/v2\/types\/page"}],"author":[{"embeddable":true,"href":"http:\/\/www.wbsv.org\/blog_new\/index.php?rest_route=\/wp\/v2\/users\/1"}],"replies":[{"embeddable":true,"href":"http:\/\/www.wbsv.org\/blog_new\/index.php?rest_route=%2Fwp%2Fv2%2Fcomments&post=6"}],"version-history":[{"count":1,"href":"http:\/\/www.wbsv.org\/blog_new\/index.php?rest_route=\/wp\/v2\/pages\/6\/revisions"}],"predecessor-version":[{"id":212,"href":"http:\/\/www.wbsv.org\/blog_new\/index.php?rest_route=\/wp\/v2\/pages\/6\/revisions\/212"}],"wp:attachment":[{"href":"http:\/\/www.wbsv.org\/blog_new\/index.php?rest_route=%2Fwp%2Fv2%2Fmedia&parent=6"}],"curies":[{"name":"wp","href":"https:\/\/api.w.org\/{rel}","templated":true}]}}