{"id":190,"date":"2019-11-18T19:50:10","date_gmt":"2019-11-18T19:50:10","guid":{"rendered":"http:\/\/www.wbsv.org\/blog_new\/?page_id=190"},"modified":"2019-11-18T19:50:10","modified_gmt":"2019-11-18T19:50:10","slug":"datenschutzerklarung","status":"publish","type":"page","link":"http:\/\/www.wbsv.org\/blog_new\/?page_id=190","title":{"rendered":"Datenschutzerkl\u00e4rung"},"content":{"rendered":"\n<p>1      Datenschutzerkl\u00e4rung<\/p>\n\n\n\n<p>Vielen Dank f\u00fcr Ihr Interesse an unserer Homepage und unseren Dienstleistungen.<\/p>\n\n\n\n<p>Dem<\/p>\n\n\n\n<p>WBSV, Wiener Baseball-Softball Verband<\/p>\n\n\n\n<p>ist der Schutz Ihrer personenbezogenen Daten ein gro\u00dfes Anliegen. Wir behandeln die uns anvertrauten Daten entsprechend streng vertraulich und gehen damit verantwortungsvoll um. Dies sehen wir im Einklang mit den gesetzlichen und vertraglichen Verpflichtungen, insbesondere aufgrund der Bestimmungen der geltenden Datenschutzgesetze, als besondere Pflicht eines Web- und Internetserviceanbieter.<\/p>\n\n\n\n<p>Daher informieren wir Sie, gem\u00e4\u00df den einschl\u00e4gigen Datenschutzbestimmungen, n\u00e4mlich insbesondere aufgrund der Datenschutz-Grundverordnung (DSGVO) und dem DSG 2018 \u00fcber die Datenverarbeiten, deren Zweck und Ihre Rechte daraus.<\/p>\n\n\n\n<p>Die Datenverarbeitung auf der Homepage<\/p>\n\n\n\n<p>www.wbsv.org<\/p>\n\n\n\n<p>erfolgt zum Zeitpunkt der Datenerhebung durch die verantwortliche Stelle und durch den Verantwortlichen:<\/p>\n\n\n\n<p>ZVR-Zahl: 232943126 <\/p>\n\n\n\n<p>Sportzentrum Spenadlwiese<br>\nA-1020 Wien<\/p>\n\n\n\n<p>E-Mail: office@wbsv.org<\/p>\n\n\n\n<p>Obmann Rainer Husty<\/p>\n\n\n\n<p>Obmann Stv. Christoph Wieser<\/p>\n\n\n\n<p>Der Kontakt zur Aus\u00fcbung der Betroffenenrechte ist ebenfalls \u00fcber die obigen Daten herzustellen.<br>\n1.1     Erhebung und Verarbeitung personenbezogener Daten:<\/p>\n\n\n\n<p>Bei Besuch unserer Web-Seiten zur reinen Informationsaufnahme also, wenn Sie mir nicht anderweitig personenbezogene Daten \u00fcbermitteln, werden aus technischen Gr\u00fcnden jene personenbezogenen Daten erhoben, die Ihr Browser an unsere Server  \u00fcbermittelt. Wenn Sie unsere Web-Seiten betrachten, erheben wir folgende Daten, die technisch erforderlich sind, um Ihnen die Web-Seite anzuzeigen und die Stabilit\u00e4t und Sicherheit (iSd Art 6 (1) lit f) 1. Satz DSGVO), inkl. Nachvollziehbarkeit im Fehlerfall und die nachhaltige Fehlerbehebung, zu gew\u00e4hrleisten:<\/p>\n\n\n\n<p>Besuchte Webseiten, Datum und Uhrzeit des Zugriffes, Menge der gesendeten Daten in Byte, Webseite der einlangenden Anforderung (Quelle\/Verweis, von welchem Sie auf die Seite gelangten), verwendeter Browser inkl. Sprache und Version, verwendetes Betriebssystem, verwendete IP-Adresse.<\/p>\n\n\n\n<p>Es werden dazu Log Files angelegt. Die dabei erhobenen Daten dienen der Kontrolle zur Vermeidung von und Abhilfe bei rechtswidriger Nutzung der Webseiteninhalte, der Verbesserung der Webseite und der statistischen Auswertungen.<\/p>\n\n\n\n<p>Zu statistischen Auswertung der Besuche auf der Webseite, verwenden wir die freie Webanalyse-Software Advanced Web Statistics. Informationen dazu finden Sie auch unter http:\/\/www.advancedwebstats.com. Mit dieser Software werden die Logfiles ausgewertet, die Webserver auf Basis von Webseitenzugriffen erstellen. Es werden keine Cookies verwendet. Die statistische Auswertung erfolgt \u00fcber die Log Files, welche die IP-Adressen, Datum und Uhrzeit, Browsertyp und -version, Betriebssystem des Rechners und die Webseite der einlangenden Anforderung enthalten. Die Log Files werden nach 10 Tagen automatisch vom Server gel\u00f6scht, die Daten werden anonymisiert und auf Dauer des Betriebes der Webseite auf diesem Server in Form einer anonymisierten Webzugriffsstatistik gespeichert. Im Gegensatz zu anderen Statistikprogrammen werden von der Webanalysesoftware Advanced Web Statistics keine Cookies verwendet und keine Daten an einen fremden Server \u00fcbermittelt. Die Software ist auf unseren eigenen und angemieteten Servern mit Standort \u00d6sterreich installiert und es findet keine \u00dcbertragung von Daten ins Ausland statt. Wenn die Webseite von unseren Servern gel\u00f6scht wird, werden auch automatisch die anonymisierten Daten der Webanalysesoftware gel\u00f6scht.<br>\n1.2     Logfiles:<\/p>\n\n\n\n<p>Die von Internetkonzepte.at GmbH betriebenen bzw. angemieteten Webserver speichern Log-Files, welche die Zugriffe auf die einzelnen Webseiten mit Datum, Uhrzeit und IP-Adresse des Besuchers dokumentieren. Die Log-Files werden 30 Tage gespeichert und anschlie\u00dfend gel\u00f6scht.<br>\n1.3     Cookies:<\/p>\n\n\n\n<p>Cookies sind kleine Textdateien, die im Speicher Ihres Ger\u00e4tes mit dem Sie das Internet nutzen, dem von Ihnen genutzten Browser zugeordnet abgespeichert werden. Um die Nutzung meiner Web-Seiten effektiver und nutzerfreundlicher zu gestalten, werden bei Ihrem Besuch meiner Web-Seiten Cookies auf Ihrem Ger\u00e4t gespeichert, wodurch mir ebenfalls (abh\u00e4ngig vom Cookie) Informationen zuflie\u00dfen k\u00f6nnen. Cookies k\u00f6nnen aber keine Programme ausf\u00fchren oder Schadsoftware auf Ihr Ger\u00e4t \u00fcbertragen.<br>\n1.3.1    Unsere Web-Seite nutzt:<\/p>\n\n\n\n<p>Transiente Cookies; solche werden automatisch nach Schlie\u00dfung des Browsers oder durch \u201eausloggen\u201c gel\u00f6scht. Dazu z\u00e4hlen insbesondere Session-Cookies, womit eine sog. Session-ID, mit welcher sich verschiedene Anfragen Ihres Browsers der gemeinsamen Sitzung zuordnen lassen, gespeichert werden. Aufgrund dessen kann Ihr Ger\u00e4t\/Rechner wiedererkannt werden, wenn auf die Web-Seite wieder zugegriffen wird.<\/p>\n\n\n\n<p>Um festzulegen, wie Sie Cookies nutzen, k\u00f6nnen in den jeweiligen Browser-Einstellungen Anpassungen vorgenommen werden. Beispielsweise k\u00f6nnen Sie die Annahme von Third \u2013Party-Cookies oder von allen Cookies ablehnen. Damit kann aber auch eine Funktionsbeeintr\u00e4chtigung in der Nutzung von Web-Seiten verbunden sein.<\/p>\n\n\n\n<p>Dar\u00fcber hinausgehende personenbezogene Angaben wie Ihr Name, Ihre Anschrift, Telefonnummer oder E-Mail-Adresse werden nicht erfasst, sofern Sie diese Angaben nicht freiwillig und aktiv an daf\u00fcr vorgesehener Stelle zur Verf\u00fcgung stellen (z.B. im Rahmen einer Newsletter-Registrierung, einer Informationsanfrage \u00fcber ein Kontaktformular, durch sonstige spezifische Formularfelder oder Anmeldungs- bzw. Registrierungsmasken auf der jeweiligen Webseite udgl.). Die von Ihnen angegebenen personenbezogenen Daten werden ausschlie\u00dflich zum Zweck der Behandlung Ihres Anliegens oder zur Beantwortung Ihrer Anfrage verarbeitet. Eine \u00dcbermittlung dieser Daten an (hierin nicht genannte) Dritte erfolgt grunds\u00e4tzlich nicht.<br>\n1.4     Datenaufbewahrung, Datenzugriff und Datensicherheit:<\/p>\n\n\n\n<p>Andere Personen oder Unternehmen die in dieser Datenschutzerkl\u00e4rung nicht ausdr\u00fccklich bezeichnet sind, erhalten keinen Zugang zu Ihren Daten.<\/p>\n\n\n\n<p>Die von Ihnen ein- oder bekanntgegebenen personenbezogenen Daten werden vor unberechtigten Zugriff durch verschl\u00fcsselte \u00dcbertragung, zugriffsgesch\u00fctzte  nach au\u00dfen nicht zug\u00e4ngliche Speicherung und physische Schutzma\u00dfnahmen f\u00fcr die Server gesch\u00fctzt. Die Sicherungsma\u00dfnahmen werden entsprechend der technologischen Entwicklung fortlaufend \u00fcberarbeitet. Derartige Ma\u00dfnahmen umfassen SSL Verschl\u00fcsselung, regelm\u00e4\u00dfige Soft- und Hardwareupdates, permanentes Servermonitoring und Backup-Management durch unseren Dienstleister Internetkonzepte.at GmbH.<br>\n1.5     Kontaktaufnahme via Email, Brief, Telefon oder Fax:<\/p>\n\n\n\n<p>Bei Ihrer Kontaktaufnahme werden die von Ihnen mitgeteilten Daten (Name, Adresse, Telefonnummer, Emailadresse und ggf. fallspezifische Daten) gespeichert, um Ihre Fragen zu beantworten, Ihr Anliegen z\u00fcgig zu bearbeiten und damit mit Ihnen wieder in Kontakt getreten werden kann. Die in diesem Zusammenhang anfallenden Daten werden gel\u00f6scht, so nicht ein Vertrag zwischen uns zustande kommt und sobald die Speicherung nicht mehr erforderlich ist bzw. wird die Datenverarbeitung auf das gesetzliche Mindestma\u00df eingeschr\u00e4nkt, falls gesetzlich Aufbewahrungsfristen vorgesehen sind. Im Falle eines Vertragsabschlusses ist die Datenschutzerkl\u00e4rung im Vertrag f\u00fcr die Datenverarbeitung beachtlich.<br>\n1.6     Daten\u00fcbermittlung<\/p>\n\n\n\n<p>Daten die Sie uns im Rahmen einer Newsletter-Registrierung oder mit einer Informationsanfrage \u00fcber das Kontaktformular oder durch sonstige spezifische Formularfelder oder Anmeldungs- bzw. Registrierungsmasken auf der jeweiligen Webseite \u00fcbermitteln, werden nur so lange gespeichert, um den jeweiligen Zweck der Erhebung erf\u00fcllen zu k\u00f6nnen. Die in diesem Zusammenhang anfallenden Daten werden gel\u00f6scht, sobald die Speicherung nicht mehr erforderlich ist. Wenn eine Datenverarbeitung fortgesetzt erfolgt, wird sie auf das notwendige Mindestma\u00df eingeschr\u00e4nkt und die Speicherung auf die unbedingt erforderliche Dauer reduziert. Im Falle eines Vertragsabschlusses ist die Datenschutzerkl\u00e4rung im Vertrag f\u00fcr die Datenverarbeitung beachtlich.<br>\n1.7     Anbindung an soziale Netzwerke (social media plug-ins):<\/p>\n\n\n\n<p>Unsere Websites stellen eine Verbindung zu sozialen Netzwerken unter Verwendung von Social Media Plug-Ins zur Verf\u00fcgung. Diese Plug-Ins sind bei Aufruf unserer Websites initial deaktiviert und \u00fcbermitteln keinerlei Daten an solche Dienste. Erst, wenn Sie ein Plug-In durch Klick auf das entsprechende Bediensymbol aktivieren, werden personenbezogene Daten an den gew\u00e4hlten Dienst \u00fcbermittelt (\u201e2-Klick-L\u00f6sung\u201c). Der gew\u00e4hlte Dienst erh\u00e4lt dann die Information, dass Sie mit Ihrer IP-Adresse unsere Website besucht haben. Wenn Sie das Plug-In anklicken, w\u00e4hrend Sie bei dem entsprechenden Dienst eingeloggt sind, k\u00f6nnen Sie die Inhalte unserer Seiten auf Ihrem Profil teilen. Dadurch kann der Dienst den Besuch unserer Websites Ihrem Benutzerkonto zuordnen. Wir weisen darauf hin, dass wir als Seitenanbieter keine Kenntnis vom Inhalt der \u00fcbermittelten Daten oder deren Nutzung durch den Dienst erlangen.<\/p>\n\n\n\n<p>Mit der Aktivierung und Verwendung eines Social Media Plug-Ins stimmen Sie der damit einhergehenden \u00dcbermittlung personenbezogener Daten an den gew\u00e4hlten Dienst zu. N\u00e4here Informationen zur jeweiligen Verwendung Ihrer personenbezogenen Daten entnehmen Sie der Datenschutzerkl\u00e4rung des gew\u00e4hlten Dienstes:<\/p>\n\n\n\n<p>Facebook Ireland Ltd., 4 Grand Canal Square, Grand Canal Harbour, Dublin 2 Ireland \u2013 https:\/\/de-de.facebook.com\/policy.php<\/p>\n\n\n\n<p>Google Inc., 1600 Amphitheatre Parkway, Mountain View, CA 94043, USA \u2013 https:\/\/www.google.com\/intl\/de_ALL\/policies\/privacy<\/p>\n\n\n\n<p>Twitter International Company, The Academy, 42 Pearse Street, Dublin 2, Ireland \u2013 https:\/\/twitter.com\/privacy?lang=de<\/p>\n\n\n\n<p>Instagram LLC, 1601 Willow Rd, Menlo Park CA 94025 USA; https:\/\/help.instagram.com\/155833707900388<\/p>\n\n\n\n<p>YouTube LLC, 901 Cherry Ave., San Bruno CA 94066 USA, https:\/\/www.youtube.com\/t\/impressum<br>\n1.8     Einsatz von Google Analytics:<\/p>\n\n\n\n<p>Unsere Websites benutzen Google Analytics, einen Webanalysedienst von Google Inc. Google Analytics verwendet zur Bereitstellung dieses Dienstes Cookies. Cookies sind kleine Textdateien, die auf Ihrem Computer gespeichert werden und die Wiedererkennung des von Ihnen verwendeten Endger\u00e4ts erm\u00f6glichen. Dies erlaubt eine Analyse der Nutzung von Websites, was der Verbesserung ihrer Bedienbarkeit dient. Ein R\u00fcckschluss auf Ihre konkrete Person ist dabei regelm\u00e4\u00dfig nicht m\u00f6glich.<\/p>\n\n\n\n<p>Die so erzeugten Informationen (einschlie\u00dflich Ihrer IP-Adresse) werden an einen Server von Google \u00fcbertragen. Zum Schutz Ihrer Privatsph\u00e4re wurde Google Analytics so konfiguriert, dass Ihre IP-Adresse unmittelbar nach ihrer \u00dcbertragung an Google innerhalb von Mitgliedstaaten der Europ\u00e4ischen Union oder anderen Vertragsstaaten des Europ\u00e4ischen Wirtschaftsraums anonymisiert und von Google ausschlie\u00dflich anonymisiert gespeichert wird (anonymizeIp=true). Nur in Ausnahmef\u00e4llen wird die volle IP-Adresse an einen Server von Google in den USA \u00fcbertragen und erst dort gek\u00fcrzt.<\/p>\n\n\n\n<p>In unserem Auftrag wird Google diese Informationen verwenden, um die Nutzung unserer Websites auszuwerten und um Reports \u00fcber die Websiteaktivit\u00e4ten zusammenzustellen. Die im Rahmen von Google Analytics von Ihrem Browser \u00fcbermittelte IP-Adresse wird nicht mit anderen Daten von Google zusammengef\u00fchrt.<\/p>\n\n\n\n<p>Mit der Nutzung unserer Websites erkl\u00e4ren Sie sich mit der zuvor beschriebenen Speicherung von Cookies und Verarbeitung Ihrer personenbezogenen Daten einverstanden. Sie k\u00f6nnen die Speicherung von Cookies durch entsprechende Einstellungen in Ihrer Browsersoftware verhindern. In diesem Fall k\u00f6nnen gegebenenfalls nicht s\u00e4mtliche Funktionen von Websites vollumf\u00e4nglich genutzt werden. Sie k\u00f6nnen dar\u00fcber hinaus den Einsatz von Google Analytics verhindern, indem Sie das unter http:\/\/tools.google.com\/dlpage\/gaoptout?hl=de verf\u00fcgbare Browser-Plugin herunterladen und installieren. N\u00e4here Informationen zu Google Analytics und der damit einhergehenden Verarbeitung personenbezogener Daten finden Sie unter www.google.com\/intl\/de\/analytics\/privacyoverview.html.<br>\n1.9     Datensicherheit<\/p>\n\n\n\n<p>Wir treffen alle notwendigen und angemessenen technischen und organisatorischen Sicherheitsma\u00dfnahmen, um Ihre personenbezogenen Daten vor Verlust und Missbrauch zu sch\u00fctzen. Ihre Daten werden in einer sicheren, dem Stand der Technik entsprechenden Betriebsumgebung gespeichert.<\/p>\n\n\n\n<p>Der Zugang zu unseren Websites wird \u00fcber HTTPS gesichert, wenn Ihr Browser SSL unterst\u00fctzt. Das bedeutet, dass die Kommunikation zwischen Ihrem Endger\u00e4t und unseren Servern verschl\u00fcsselt erfolgt.<\/p>\n\n\n\n<p>Sollten Sie mit uns oder unseren MitarbeiterInnen per E-Mail in Kontakt treten wollen, weisen wir darauf hin, dass die Vertraulichkeit der \u00fcbermittelten Informationen nicht gew\u00e4hrleistet ist. Der Inhalt von E-Mails kann aufgrund ihrer technischen Konzeption von Dritten eingesehen werden, sofern nicht besondere technische Sicherheitsma\u00dfnahmen ergriffen werden.<br>\n1.10  Ihre Rechte:<\/p>\n\n\n\n<p>Sie haben gem. Art 13 (2) lit b) DSGVO uns gegen\u00fcber hinsichtlich der Sie betreffenden personenbezogenen Daten ein Recht auf Auskunft, Berichtigung oder L\u00f6schung, Einschr\u00e4nkung der Verarbeitung, Widerspruch gegen die Verarbeitung und Daten\u00fcbertragbarkeit.<\/p>\n\n\n\n<p>Dar\u00fcber hinaus haben Sie gem. Art 13 (2) lit d) DSGVO das Recht, sich bei der Datenschutzbeh\u00f6rde \u00fcber die Verarbeitung Ihrer personenbezogenen Daten durch uns, zu beschweren.<\/p>\n\n\n\n<p>Zur Wahrnehmung Ihrer Rechte kann es \u2013 je nach Art und Umfang Ihres Anliegens \u2013 auch notwendig sein, dass Sie ihre Identit\u00e4t in geeigneter Form nachweisen.<\/p>\n\n\n\n<p>Ausk\u00fcnfte aufgrund wiederholter Auskunftsersuchen sind gem Art 15 (3) DSGVO kostenpflichtig. Hingewiesen wird auch darauf, dass das Recht auf Erhalt einer Kopie gem Art 15 (1) lit b) DSGVO, die Rechte und Freiheiten anderer Personen nicht beeintr\u00e4chtigen darf.<\/p>\n\n\n\n<p>Diese Datenschutzerkl\u00e4rung bezieht sich auf die jeweils g\u00fcltige Rechtslage. Wir behalten uns k\u00fcnftige \u00c4nderungen oder Anpassungen ausdr\u00fccklich vor. Daher empfehlen wir Ihnen, diese Datenschutzbestimmungen regelm\u00e4\u00dfig zu lesen, um \u00fcber die Verwendung personenbezogener Daten informiert zu bleiben.<\/p>\n","protected":false},"excerpt":{"rendered":"<p>1 Datenschutzerkl\u00e4rung Vielen Dank f\u00fcr Ihr Interesse an unserer Homepage und unseren Dienstleistungen. Dem WBSV, [&hellip;]<\/p>\n","protected":false},"author":5,"featured_media":0,"parent":0,"menu_order":0,"comment_status":"closed","ping_status":"closed","template":"","meta":{"footnotes":""},"class_list":["post-190","page","type-page","status-publish","hentry"],"_links":{"self":[{"href":"http:\/\/www.wbsv.org\/blog_new\/index.php?rest_route=\/wp\/v2\/pages\/190","targetHints":{"allow":["GET"]}}],"collection":[{"href":"http:\/\/www.wbsv.org\/blog_new\/index.php?rest_route=\/wp\/v2\/pages"}],"about":[{"href":"http:\/\/www.wbsv.org\/blog_new\/index.php?rest_route=\/wp\/v2\/types\/page"}],"author":[{"embeddable":true,"href":"http:\/\/www.wbsv.org\/blog_new\/index.php?rest_route=\/wp\/v2\/users\/5"}],"replies":[{"embeddable":true,"href":"http:\/\/www.wbsv.org\/blog_new\/index.php?rest_route=%2Fwp%2Fv2%2Fcomments&post=190"}],"version-history":[{"count":1,"href":"http:\/\/www.wbsv.org\/blog_new\/index.php?rest_route=\/wp\/v2\/pages\/190\/revisions"}],"predecessor-version":[{"id":191,"href":"http:\/\/www.wbsv.org\/blog_new\/index.php?rest_route=\/wp\/v2\/pages\/190\/revisions\/191"}],"wp:attachment":[{"href":"http:\/\/www.wbsv.org\/blog_new\/index.php?rest_route=%2Fwp%2Fv2%2Fmedia&parent=190"}],"curies":[{"name":"wp","href":"https:\/\/api.w.org\/{rel}","templated":true}]}}